{"id":43,"date":"2024-04-26T08:28:34","date_gmt":"2024-04-26T08:28:34","guid":{"rendered":"https:\/\/talautoinversiones.com\/index.php\/asesoramiento-financiero\/"},"modified":"2024-04-26T09:07:17","modified_gmt":"2024-04-26T09:07:17","slug":"asesoramiento-financiero","status":"publish","type":"page","link":"https:\/\/talautoinversiones.com\/index.php\/asesoramiento-financiero\/","title":{"rendered":"Asesoramiento Financiero"},"content":{"rendered":"","protected":false},"excerpt":{"rendered":"","protected":false},"author":1,"featured_media":0,"parent":0,"menu_order":0,"comment_status":"closed","ping_status":"closed","template":"full-width","meta":{"saved_in_kubio":true,"footnotes":""},"class_list":["post-43","page","type-page","status-publish","hentry"],"kubio_ai_page_context":{"short_desc":"En TALAUTO INVERSIONES, entendemos que cada persona tiene objetivos financieros \u00fanicos. Nuestro servicio de Asesoramiento Financiero est\u00e1 dise\u00f1ado para ayudarte a navegar por el complejo mundo de las finanzas y tomar decisiones informadas que te acerquen a tus metas.","purpose":"general"},"_links":{"self":[{"href":"https:\/\/talautoinversiones.com\/index.php\/wp-json\/wp\/v2\/pages\/43","targetHints":{"allow":["GET"]}}],"collection":[{"href":"https:\/\/talautoinversiones.com\/index.php\/wp-json\/wp\/v2\/pages"}],"about":[{"href":"https:\/\/talautoinversiones.com\/index.php\/wp-json\/wp\/v2\/types\/page"}],"author":[{"embeddable":true,"href":"https:\/\/talautoinversiones.com\/index.php\/wp-json\/wp\/v2\/users\/1"}],"replies":[{"embeddable":true,"href":"https:\/\/talautoinversiones.com\/index.php\/wp-json\/wp\/v2\/comments?post=43"}],"version-history":[{"count":2,"href":"https:\/\/talautoinversiones.com\/index.php\/wp-json\/wp\/v2\/pages\/43\/revisions"}],"predecessor-version":[{"id":51,"href":"https:\/\/talautoinversiones.com\/index.php\/wp-json\/wp\/v2\/pages\/43\/revisions\/51"}],"wp:attachment":[{"href":"https:\/\/talautoinversiones.com\/index.php\/wp-json\/wp\/v2\/media?parent=43"}],"curies":[{"name":"wp","href":"https:\/\/api.w.org\/{rel}","templated":true}]}}